{"id":3680,"date":"2023-10-12T20:14:18","date_gmt":"2023-10-12T20:14:18","guid":{"rendered":"https:\/\/bomberosvoluntariosdematanza.org\/matafuegos\/?post_type=product&#038;p=3680"},"modified":"2025-04-04T02:06:04","modified_gmt":"2025-04-04T02:06:04","slug":"funda-matafuego-3","status":"publish","type":"product","link":"https:\/\/bomberosvoluntariosdematanza.org\/matafuegos\/producto\/funda-matafuego-3\/","title":{"rendered":"Funda Matafuego 3&#8243;"},"content":{"rendered":"<p>En nuestro compromiso constante con la seguridad, presentamos nuestras Fundas para Matafuegos de 3&#8243; y 4&#8243;, dise\u00f1adas para garantizar que tu equipo contra incendios est\u00e9 siempre en su mejor forma y listo para la acci\u00f3n.<\/p>\n","protected":false},"excerpt":{"rendered":"<p>Protege tu Matafuego con nuestras fundas para matafuegos de 3&#8243; y 4&#8243;. A\u00f1ade un escudo de durabilidad y estilo a tu seguridad en el hogar o la oficina.<\/p>\n","protected":false},"featured_media":3684,"template":"","meta":{"_joinchat":[]},"product_brand":[],"product_cat":[108,71],"product_tag":[109,111,96],"class_list":{"0":"post-3680","1":"product","2":"type-product","3":"status-publish","4":"has-post-thumbnail","6":"product_cat-accesorios","7":"product_cat-matafuegos","8":"product_tag-accesorios","9":"product_tag-fundas","10":"product_tag-matafuegos","12":"first","13":"instock","14":"shipping-taxable","15":"purchasable","16":"product-type-simple"},"_links":{"self":[{"href":"https:\/\/bomberosvoluntariosdematanza.org\/matafuegos\/wp-json\/wp\/v2\/product\/3680","targetHints":{"allow":["GET"]}}],"collection":[{"href":"https:\/\/bomberosvoluntariosdematanza.org\/matafuegos\/wp-json\/wp\/v2\/product"}],"about":[{"href":"https:\/\/bomberosvoluntariosdematanza.org\/matafuegos\/wp-json\/wp\/v2\/types\/product"}],"version-history":[{"count":0,"href":"https:\/\/bomberosvoluntariosdematanza.org\/matafuegos\/wp-json\/wp\/v2\/product\/3680\/revisions"}],"wp:featuredmedia":[{"embeddable":true,"href":"https:\/\/bomberosvoluntariosdematanza.org\/matafuegos\/wp-json\/wp\/v2\/media\/3684"}],"wp:attachment":[{"href":"https:\/\/bomberosvoluntariosdematanza.org\/matafuegos\/wp-json\/wp\/v2\/media?parent=3680"}],"wp:term":[{"taxonomy":"product_brand","embeddable":true,"href":"https:\/\/bomberosvoluntariosdematanza.org\/matafuegos\/wp-json\/wp\/v2\/product_brand?post=3680"},{"taxonomy":"product_cat","embeddable":true,"href":"https:\/\/bomberosvoluntariosdematanza.org\/matafuegos\/wp-json\/wp\/v2\/product_cat?post=3680"},{"taxonomy":"product_tag","embeddable":true,"href":"https:\/\/bomberosvoluntariosdematanza.org\/matafuegos\/wp-json\/wp\/v2\/product_tag?post=3680"}],"curies":[{"name":"wp","href":"https:\/\/api.w.org\/{rel}","templated":true}]}}