{"id":3642,"date":"2023-08-03T20:05:28","date_gmt":"2023-08-03T20:05:28","guid":{"rendered":"https:\/\/bomberosvoluntariosdematanza.org\/matafuegos\/?post_type=product&#038;p=3642"},"modified":"2025-04-04T02:12:01","modified_gmt":"2025-04-04T02:12:01","slug":"matafuego-en-aerosol-extinsol","status":"publish","type":"product","link":"https:\/\/bomberosvoluntariosdematanza.org\/matafuegos\/producto\/matafuego-en-aerosol-extinsol\/","title":{"rendered":"Matafuego en Aerosol &#8211; Extinsol"},"content":{"rendered":"<p>Agente extintor en Aerosol para protecci\u00f3n compacta contra incendios. F\u00e1cil de usar y transportar. Ideal para autom\u00f3viles, hogares y oficinas.<\/p>\n","protected":false},"excerpt":{"rendered":"<p>Seguridad en tama\u00f1o compacto. Listo para apagar fuegos en segundos, en cualquier lugar. Extinsol, agente extintor en Aerosol.<\/p>\n","protected":false},"featured_media":3643,"template":"","meta":{"_joinchat":[]},"product_brand":[],"product_cat":[108,71],"product_tag":[109,96],"class_list":{"0":"post-3642","1":"product","2":"type-product","3":"status-publish","4":"has-post-thumbnail","6":"product_cat-accesorios","7":"product_cat-matafuegos","8":"product_tag-accesorios","9":"product_tag-matafuegos","11":"first","12":"instock","13":"shipping-taxable","14":"purchasable","15":"product-type-simple"},"_links":{"self":[{"href":"https:\/\/bomberosvoluntariosdematanza.org\/matafuegos\/wp-json\/wp\/v2\/product\/3642","targetHints":{"allow":["GET"]}}],"collection":[{"href":"https:\/\/bomberosvoluntariosdematanza.org\/matafuegos\/wp-json\/wp\/v2\/product"}],"about":[{"href":"https:\/\/bomberosvoluntariosdematanza.org\/matafuegos\/wp-json\/wp\/v2\/types\/product"}],"version-history":[{"count":0,"href":"https:\/\/bomberosvoluntariosdematanza.org\/matafuegos\/wp-json\/wp\/v2\/product\/3642\/revisions"}],"wp:featuredmedia":[{"embeddable":true,"href":"https:\/\/bomberosvoluntariosdematanza.org\/matafuegos\/wp-json\/wp\/v2\/media\/3643"}],"wp:attachment":[{"href":"https:\/\/bomberosvoluntariosdematanza.org\/matafuegos\/wp-json\/wp\/v2\/media?parent=3642"}],"wp:term":[{"taxonomy":"product_brand","embeddable":true,"href":"https:\/\/bomberosvoluntariosdematanza.org\/matafuegos\/wp-json\/wp\/v2\/product_brand?post=3642"},{"taxonomy":"product_cat","embeddable":true,"href":"https:\/\/bomberosvoluntariosdematanza.org\/matafuegos\/wp-json\/wp\/v2\/product_cat?post=3642"},{"taxonomy":"product_tag","embeddable":true,"href":"https:\/\/bomberosvoluntariosdematanza.org\/matafuegos\/wp-json\/wp\/v2\/product_tag?post=3642"}],"curies":[{"name":"wp","href":"https:\/\/api.w.org\/{rel}","templated":true}]}}