{"id":3589,"date":"2023-08-16T15:14:29","date_gmt":"2023-08-16T15:14:29","guid":{"rendered":"https:\/\/bomberosvoluntariosdematanza.org\/matafuegos\/?post_type=product&#038;p=3589"},"modified":"2025-07-01T21:07:42","modified_gmt":"2025-07-01T21:07:42","slug":"cartel-de-entrada-14x42","status":"publish","type":"product","link":"https:\/\/bomberosvoluntariosdematanza.org\/matafuegos\/producto\/cartel-de-entrada-14x42\/","title":{"rendered":"Cartel de Entrada 14&#215;42"},"content":{"rendered":"<p>Se\u00f1alizaci\u00f3n clara para \u00e1reas de acceso. Material resistente, f\u00e1cil instalaci\u00f3n. Mejora la gesti\u00f3n de espacios.<\/p>\n<ul>\n<li><strong>Dimensiones<\/strong>: 14&#215;42<\/li>\n<\/ul>\n","protected":false},"excerpt":{"rendered":"<p>Facilita el acceso con Cartel de Entrada. Material duradero y f\u00e1cil instalaci\u00f3n para una mejor organizaci\u00f3n.<\/p>\n","protected":false},"featured_media":3588,"template":"","meta":{"_joinchat":[]},"product_brand":[],"product_cat":[106],"product_tag":[107],"class_list":{"0":"post-3589","1":"product","2":"type-product","3":"status-publish","4":"has-post-thumbnail","6":"product_cat-carteles","7":"product_tag-carteles","9":"first","10":"instock","11":"shipping-taxable","12":"purchasable","13":"product-type-simple"},"_links":{"self":[{"href":"https:\/\/bomberosvoluntariosdematanza.org\/matafuegos\/wp-json\/wp\/v2\/product\/3589","targetHints":{"allow":["GET"]}}],"collection":[{"href":"https:\/\/bomberosvoluntariosdematanza.org\/matafuegos\/wp-json\/wp\/v2\/product"}],"about":[{"href":"https:\/\/bomberosvoluntariosdematanza.org\/matafuegos\/wp-json\/wp\/v2\/types\/product"}],"version-history":[{"count":3,"href":"https:\/\/bomberosvoluntariosdematanza.org\/matafuegos\/wp-json\/wp\/v2\/product\/3589\/revisions"}],"predecessor-version":[{"id":3798,"href":"https:\/\/bomberosvoluntariosdematanza.org\/matafuegos\/wp-json\/wp\/v2\/product\/3589\/revisions\/3798"}],"wp:featuredmedia":[{"embeddable":true,"href":"https:\/\/bomberosvoluntariosdematanza.org\/matafuegos\/wp-json\/wp\/v2\/media\/3588"}],"wp:attachment":[{"href":"https:\/\/bomberosvoluntariosdematanza.org\/matafuegos\/wp-json\/wp\/v2\/media?parent=3589"}],"wp:term":[{"taxonomy":"product_brand","embeddable":true,"href":"https:\/\/bomberosvoluntariosdematanza.org\/matafuegos\/wp-json\/wp\/v2\/product_brand?post=3589"},{"taxonomy":"product_cat","embeddable":true,"href":"https:\/\/bomberosvoluntariosdematanza.org\/matafuegos\/wp-json\/wp\/v2\/product_cat?post=3589"},{"taxonomy":"product_tag","embeddable":true,"href":"https:\/\/bomberosvoluntariosdematanza.org\/matafuegos\/wp-json\/wp\/v2\/product_tag?post=3589"}],"curies":[{"name":"wp","href":"https:\/\/api.w.org\/{rel}","templated":true}]}}