{"id":3583,"date":"2023-08-16T15:06:59","date_gmt":"2023-08-16T15:06:59","guid":{"rendered":"https:\/\/bomberosvoluntariosdematanza.org\/matafuegos\/?post_type=product&#038;p=3583"},"modified":"2025-07-01T21:08:11","modified_gmt":"2025-07-01T21:08:11","slug":"cartel-de-salida-14x42","status":"publish","type":"product","link":"https:\/\/bomberosvoluntariosdematanza.org\/matafuegos\/producto\/cartel-de-salida-14x42\/","title":{"rendered":"Cartel de Salida 14&#215;42"},"content":{"rendered":"<p>Indicaci\u00f3n esencial de rutas de evacuaci\u00f3n. Dise\u00f1o duradero, f\u00e1cil instalaci\u00f3n. Garantiza seguridad en emergencias.<\/p>\n<ul>\n<li><strong>Dimensiones<\/strong>: 14&#215;42<\/li>\n<\/ul>\n","protected":false},"excerpt":{"rendered":"<p>Prioriza seguridad con Cartel de Salida. Dise\u00f1o duradero para evacuaci\u00f3n efectiva en cualquier situaci\u00f3n.<\/p>\n","protected":false},"featured_media":3584,"template":"","meta":{"_joinchat":[]},"product_brand":[],"product_cat":[106],"product_tag":[107],"class_list":{"0":"post-3583","1":"product","2":"type-product","3":"status-publish","4":"has-post-thumbnail","6":"product_cat-carteles","7":"product_tag-carteles","9":"first","10":"instock","11":"shipping-taxable","12":"purchasable","13":"product-type-simple"},"_links":{"self":[{"href":"https:\/\/bomberosvoluntariosdematanza.org\/matafuegos\/wp-json\/wp\/v2\/product\/3583","targetHints":{"allow":["GET"]}}],"collection":[{"href":"https:\/\/bomberosvoluntariosdematanza.org\/matafuegos\/wp-json\/wp\/v2\/product"}],"about":[{"href":"https:\/\/bomberosvoluntariosdematanza.org\/matafuegos\/wp-json\/wp\/v2\/types\/product"}],"version-history":[{"count":3,"href":"https:\/\/bomberosvoluntariosdematanza.org\/matafuegos\/wp-json\/wp\/v2\/product\/3583\/revisions"}],"predecessor-version":[{"id":3801,"href":"https:\/\/bomberosvoluntariosdematanza.org\/matafuegos\/wp-json\/wp\/v2\/product\/3583\/revisions\/3801"}],"wp:featuredmedia":[{"embeddable":true,"href":"https:\/\/bomberosvoluntariosdematanza.org\/matafuegos\/wp-json\/wp\/v2\/media\/3584"}],"wp:attachment":[{"href":"https:\/\/bomberosvoluntariosdematanza.org\/matafuegos\/wp-json\/wp\/v2\/media?parent=3583"}],"wp:term":[{"taxonomy":"product_brand","embeddable":true,"href":"https:\/\/bomberosvoluntariosdematanza.org\/matafuegos\/wp-json\/wp\/v2\/product_brand?post=3583"},{"taxonomy":"product_cat","embeddable":true,"href":"https:\/\/bomberosvoluntariosdematanza.org\/matafuegos\/wp-json\/wp\/v2\/product_cat?post=3583"},{"taxonomy":"product_tag","embeddable":true,"href":"https:\/\/bomberosvoluntariosdematanza.org\/matafuegos\/wp-json\/wp\/v2\/product_tag?post=3583"}],"curies":[{"name":"wp","href":"https:\/\/api.w.org\/{rel}","templated":true}]}}