{"id":3574,"date":"2023-08-16T14:52:02","date_gmt":"2023-08-16T14:52:02","guid":{"rendered":"https:\/\/bomberosvoluntariosdematanza.org\/matafuegos\/?post_type=product&#038;p=3574"},"modified":"2025-04-04T01:58:49","modified_gmt":"2025-04-04T01:58:49","slug":"cartel-senalizacion-matafuego-22x28","status":"publish","type":"product","link":"https:\/\/bomberosvoluntariosdematanza.org\/matafuegos\/producto\/cartel-senalizacion-matafuego-22x28\/","title":{"rendered":"Cartel Se\u00f1alizaci\u00f3n Matafuego 22&#215;28"},"content":{"rendered":"<p>Cumple normativas de seguridad. Alta visibilidad, f\u00e1cil instalaci\u00f3n. Garantiza ubicaci\u00f3n r\u00e1pida de extintores en caso de emergencia.<\/p>\n<ul>\n<li><strong>Dimensiones<\/strong>: 22&#215;28<\/li>\n<\/ul>\n","protected":false},"excerpt":{"rendered":"<p>Normativa cumplida, f\u00e1cil de instalar. \u00a1Asegura la localizaci\u00f3n r\u00e1pida de extintores en situaciones cr\u00edticas!.<\/p>\n","protected":false},"featured_media":3575,"template":"","meta":{"_joinchat":[]},"product_brand":[],"product_cat":[106],"product_tag":[107],"class_list":{"0":"post-3574","1":"product","2":"type-product","3":"status-publish","4":"has-post-thumbnail","6":"product_cat-carteles","7":"product_tag-carteles","9":"first","10":"instock","11":"shipping-taxable","12":"purchasable","13":"product-type-simple"},"_links":{"self":[{"href":"https:\/\/bomberosvoluntariosdematanza.org\/matafuegos\/wp-json\/wp\/v2\/product\/3574","targetHints":{"allow":["GET"]}}],"collection":[{"href":"https:\/\/bomberosvoluntariosdematanza.org\/matafuegos\/wp-json\/wp\/v2\/product"}],"about":[{"href":"https:\/\/bomberosvoluntariosdematanza.org\/matafuegos\/wp-json\/wp\/v2\/types\/product"}],"version-history":[{"count":0,"href":"https:\/\/bomberosvoluntariosdematanza.org\/matafuegos\/wp-json\/wp\/v2\/product\/3574\/revisions"}],"wp:featuredmedia":[{"embeddable":true,"href":"https:\/\/bomberosvoluntariosdematanza.org\/matafuegos\/wp-json\/wp\/v2\/media\/3575"}],"wp:attachment":[{"href":"https:\/\/bomberosvoluntariosdematanza.org\/matafuegos\/wp-json\/wp\/v2\/media?parent=3574"}],"wp:term":[{"taxonomy":"product_brand","embeddable":true,"href":"https:\/\/bomberosvoluntariosdematanza.org\/matafuegos\/wp-json\/wp\/v2\/product_brand?post=3574"},{"taxonomy":"product_cat","embeddable":true,"href":"https:\/\/bomberosvoluntariosdematanza.org\/matafuegos\/wp-json\/wp\/v2\/product_cat?post=3574"},{"taxonomy":"product_tag","embeddable":true,"href":"https:\/\/bomberosvoluntariosdematanza.org\/matafuegos\/wp-json\/wp\/v2\/product_tag?post=3574"}],"curies":[{"name":"wp","href":"https:\/\/api.w.org\/{rel}","templated":true}]}}