{"id":3419,"date":"2023-07-24T18:18:09","date_gmt":"2023-07-24T18:18:09","guid":{"rendered":"https:\/\/bomberosvoluntariosdematanza.org\/matafuegos\/?post_type=product&#038;p=3419"},"modified":"2023-07-24T18:31:01","modified_gmt":"2023-07-24T18:31:01","slug":"instalacion-de-matafuegos","status":"publish","type":"product","link":"https:\/\/bomberosvoluntariosdematanza.org\/matafuegos\/producto\/instalacion-de-matafuegos\/","title":{"rendered":"Instalaci\u00f3n de Matafuegos"},"content":{"rendered":"<p>Instalaci\u00f3n profesional de matafuegos para hogares, particulares, comercios e industria. Servicio integral la seguridad de tus espacios. Nuestro equipo altamente capacitado se encargar\u00e1 de todo el proceso, desde la evaluaci\u00f3n inicial hasta la ubicaci\u00f3n estrat\u00e9gica de los matafuegos y se\u00f1aletica. Trabajamos con productos de calidad que cumplen con todas las normativas vigentes, garantizando una protecci\u00f3n efectiva contra incendios. No comprometas la seguridad de lo que m\u00e1s importa, cont\u00e1ctanos ahora y manten\u00e9 tus espacios protegidos.<\/p>\n","protected":false},"excerpt":{"rendered":"<p>Expertos en matafuegos para hogares, comercios e industrias. Protecci\u00f3n efectiva contra incendios con productos de calidad y servicio integral.<\/p>\n","protected":false},"featured_media":2980,"template":"","meta":{"_joinchat":[]},"product_brand":[],"product_cat":[72,80,89,84,88,94,71,97],"product_tag":[73,96],"class_list":{"0":"post-3419","1":"product","2":"type-product","3":"status-publish","4":"has-post-thumbnail","6":"product_cat-abc","7":"product_cat-agua","8":"product_cat-automaticos","9":"product_cat-co2","10":"product_cat-ion-litio","11":"product_cat-marinos","12":"product_cat-matafuegos","13":"product_cat-vehiculos","14":"product_tag-extintor","15":"product_tag-matafuegos","17":"first","18":"instock","19":"product-type-external"},"_links":{"self":[{"href":"https:\/\/bomberosvoluntariosdematanza.org\/matafuegos\/wp-json\/wp\/v2\/product\/3419","targetHints":{"allow":["GET"]}}],"collection":[{"href":"https:\/\/bomberosvoluntariosdematanza.org\/matafuegos\/wp-json\/wp\/v2\/product"}],"about":[{"href":"https:\/\/bomberosvoluntariosdematanza.org\/matafuegos\/wp-json\/wp\/v2\/types\/product"}],"version-history":[{"count":0,"href":"https:\/\/bomberosvoluntariosdematanza.org\/matafuegos\/wp-json\/wp\/v2\/product\/3419\/revisions"}],"wp:featuredmedia":[{"embeddable":true,"href":"https:\/\/bomberosvoluntariosdematanza.org\/matafuegos\/wp-json\/wp\/v2\/media\/2980"}],"wp:attachment":[{"href":"https:\/\/bomberosvoluntariosdematanza.org\/matafuegos\/wp-json\/wp\/v2\/media?parent=3419"}],"wp:term":[{"taxonomy":"product_brand","embeddable":true,"href":"https:\/\/bomberosvoluntariosdematanza.org\/matafuegos\/wp-json\/wp\/v2\/product_brand?post=3419"},{"taxonomy":"product_cat","embeddable":true,"href":"https:\/\/bomberosvoluntariosdematanza.org\/matafuegos\/wp-json\/wp\/v2\/product_cat?post=3419"},{"taxonomy":"product_tag","embeddable":true,"href":"https:\/\/bomberosvoluntariosdematanza.org\/matafuegos\/wp-json\/wp\/v2\/product_tag?post=3419"}],"curies":[{"name":"wp","href":"https:\/\/api.w.org\/{rel}","templated":true}]}}