{"id":3428,"date":"2023-07-24T18:23:40","date_gmt":"2023-07-24T18:23:40","guid":{"rendered":"https:\/\/bomberosvoluntariosdematanza.org\/matafuegos\/?page_id=3428"},"modified":"2023-07-24T18:30:04","modified_gmt":"2023-07-24T18:30:04","slug":"solicitar-cotizacion","status":"publish","type":"page","link":"https:\/\/bomberosvoluntariosdematanza.org\/matafuegos\/solicitar-cotizacion\/","title":{"rendered":"Solicitar Cotizaci\u00f3n"},"content":{"rendered":"\t\t<div data-elementor-type=\"wp-page\" data-elementor-id=\"3428\" class=\"elementor elementor-3428\" data-elementor-post-type=\"page\">\n\t\t\t\t<div class=\"elementor-element elementor-element-db5c9a3 e-con-full e-flex e-con e-parent\" data-id=\"db5c9a3\" data-element_type=\"container\" data-e-type=\"container\" data-settings=\"{&quot;jet_parallax_layout_list&quot;:[]}\">\n\t\t<div class=\"elementor-element elementor-element-b8acb80 e-con-full e-flex e-con e-child\" data-id=\"b8acb80\" data-element_type=\"container\" data-e-type=\"container\" data-settings=\"{&quot;jet_parallax_layout_list&quot;:[]}\">\n\t\t<div class=\"elementor-element elementor-element-b9fa5fb e-con-full e-flex e-con e-child\" data-id=\"b9fa5fb\" data-element_type=\"container\" data-e-type=\"container\" data-settings=\"{&quot;jet_parallax_layout_list&quot;:[]}\">\n\t\t\t\t<div class=\"elementor-element elementor-element-0e67b61 elementor-invisible elementor-widget elementor-widget-heading\" data-id=\"0e67b61\" data-element_type=\"widget\" data-e-type=\"widget\" data-settings=\"{&quot;_animation&quot;:&quot;slideInRight&quot;}\" data-widget_type=\"heading.default\">\n\t\t\t\t<div class=\"elementor-widget-container\">\n\t\t\t\t\t<h2 class=\"elementor-heading-title elementor-size-default\">COTIZ\u00c1 TU SERVICIOS<\/h2>\t\t\t\t<\/div>\n\t\t\t\t<\/div>\n\t\t\t\t<div class=\"elementor-element elementor-element-bdd2401 elementor-invisible elementor-widget elementor-widget-heading\" data-id=\"bdd2401\" data-element_type=\"widget\" data-e-type=\"widget\" data-settings=\"{&quot;_animation&quot;:&quot;zoomIn&quot;}\" data-widget_type=\"heading.default\">\n\t\t\t\t<div class=\"elementor-widget-container\">\n\t\t\t\t\t<h2 class=\"elementor-heading-title elementor-size-default\">Ofrecemos Servicios de Instalaci\u00f3n<\/h2>\t\t\t\t<\/div>\n\t\t\t\t<\/div>\n\t\t\t\t<div class=\"elementor-element elementor-element-0f1cfb7 elementor-widget elementor-widget-text-editor\" data-id=\"0f1cfb7\" data-element_type=\"widget\" data-e-type=\"widget\" data-widget_type=\"text-editor.default\">\n\t\t\t\t<div class=\"elementor-widget-container\">\n\t\t\t\t\t\t\t\t\t<p>Aseguramos que tus matafuegos est\u00e9n en \u00f3ptimas condiciones.\u00a0 Nuestro equipo de t\u00e9cnicos capacitados brinda un servicio de calidad, asegurando el correcto funcionamiento de tus matafuegos en todo momento.<\/p>\n\t\t\t\t\t\t\t\t<\/div>\n\t\t\t\t<\/div>\n\t\t\t\t<div class=\"elementor-element elementor-element-545a59c elementor-widget__width-inherit elementor-widget-tablet__width-initial elementor-widget-mobile__width-inherit elementor-button-align-stretch elementor-widget elementor-widget-form\" data-id=\"545a59c\" data-element_type=\"widget\" data-e-type=\"widget\" data-settings=\"{&quot;step_next_label&quot;:&quot;Siguiente&quot;,&quot;step_previous_label&quot;:&quot;Anterior&quot;,&quot;button_width&quot;:&quot;100&quot;,&quot;step_type&quot;:&quot;number_text&quot;,&quot;step_icon_shape&quot;:&quot;circle&quot;}\" data-widget_type=\"form.default\">\n\t\t\t\t<div class=\"elementor-widget-container\">\n\t\t\t\t\t\t\t<form class=\"elementor-form\" method=\"post\" name=\"Solicitud de Cotizaciones\" aria-label=\"Solicitud de Cotizaciones\">\n\t\t\t<input type=\"hidden\" name=\"post_id\" value=\"3428\"\/>\n\t\t\t<input type=\"hidden\" name=\"form_id\" value=\"545a59c\"\/>\n\t\t\t<input type=\"hidden\" name=\"referer_title\" value=\"\" \/>\n\n\t\t\t\n\t\t\t<div class=\"elementor-form-fields-wrapper elementor-labels-above\">\n\t\t\t\t\t\t\t\t<div class=\"elementor-field-type-text elementor-field-group elementor-column elementor-field-group-name elementor-col-100 elementor-field-required\">\n\t\t\t\t\t\t\t\t\t\t\t\t\t<input size=\"1\" type=\"text\" name=\"form_fields[name]\" id=\"form-field-name\" class=\"elementor-field elementor-size-sm  elementor-field-textual\" placeholder=\"Nombre y Apellido\" required=\"required\">\n\t\t\t\t\t\t\t\t\t\t\t<\/div>\n\t\t\t\t\t\t\t\t<div class=\"elementor-field-type-email elementor-field-group elementor-column elementor-field-group-email elementor-col-100 elementor-field-required\">\n\t\t\t\t\t\t\t\t\t\t\t\t\t<input size=\"1\" type=\"email\" name=\"form_fields[email]\" id=\"form-field-email\" class=\"elementor-field elementor-size-sm  elementor-field-textual\" placeholder=\"Correo electr\u00f3nico\" required=\"required\">\n\t\t\t\t\t\t\t\t\t\t\t<\/div>\n\t\t\t\t\t\t\t\t<div class=\"elementor-field-type-select elementor-field-group elementor-column elementor-field-group-field_a69331d elementor-col-100 elementor-field-required\">\n\t\t\t\t\t\t\t\t\t\t\t\t<label for=\"form-field-field_a69331d\" class=\"elementor-field-label\">\n\t\t\t\t\t\t\t\tServicio Solicitado\t\t\t\t\t\t\t<\/label>\n\t\t\t\t\t\t\t\t<div class=\"elementor-field elementor-select-wrapper remove-before \">\n\t\t\t<div class=\"select-caret-down-wrapper\">\n\t\t\t\t<i aria-hidden=\"true\" class=\"eicon-caret-down\"><\/i>\t\t\t<\/div>\n\t\t\t<select name=\"form_fields[field_a69331d]\" id=\"form-field-field_a69331d\" class=\"elementor-field-textual elementor-size-sm\" required=\"required\">\n\t\t\t\t\t\t\t\t\t<option value=\"Instalaci\u00f3n\">Instalaci\u00f3n<\/option>\n\t\t\t\t\t\t\t<\/select>\n\t\t<\/div>\n\t\t\t\t\t\t<\/div>\n\t\t\t\t\t\t\t\t<div class=\"elementor-field-type-textarea elementor-field-group elementor-column elementor-field-group-field_86546b9 elementor-col-100\">\n\t\t\t\t\t<textarea class=\"elementor-field-textual elementor-field  elementor-size-sm\" name=\"form_fields[field_86546b9]\" id=\"form-field-field_86546b9\" rows=\"4\" placeholder=\"Mensaje\"><\/textarea>\t\t\t\t<\/div>\n\t\t\t\t\t\t\t\t<div class=\"elementor-field-type-text\">\n\t\t\t\t\t<input size=\"1\" type=\"text\" name=\"form_fields[field_e3f449c]\" id=\"form-field-field_e3f449c\" class=\"elementor-field elementor-size-sm \" style=\"display:none !important;\">\t\t\t\t<\/div>\n\t\t\t\t\t\t\t\t<div class=\"elementor-field-type-recaptcha_v3 elementor-field-group elementor-column elementor-field-group-field_e3a6c99 elementor-col-100 recaptcha_v3-bottomright\">\n\t\t\t\t\t<div class=\"elementor-field\" id=\"form-field-field_e3a6c99\"><div class=\"elementor-g-recaptcha\" data-sitekey=\"6LfcpbUZAAAAAC5qZF0dLOvdhsdLrcWRfEbbUAfl\" data-type=\"v3\" data-action=\"Form\" data-badge=\"bottomright\" data-size=\"invisible\"><\/div><\/div>\t\t\t\t<\/div>\n\t\t\t\t\t\t\t\t<div class=\"elementor-field-group elementor-column elementor-field-type-submit elementor-col-100 e-form__buttons\">\n\t\t\t\t\t<button class=\"elementor-button elementor-size-sm\" type=\"submit\">\n\t\t\t\t\t\t<span class=\"elementor-button-content-wrapper\">\n\t\t\t\t\t\t\t\t\t\t\t\t\t\t\t\t\t\t\t\t\t\t<span class=\"elementor-button-text\">Cotiz\u00e1<\/span>\n\t\t\t\t\t\t\t\t\t\t\t\t\t<\/span>\n\t\t\t\t\t<\/button>\n\t\t\t\t<\/div>\n\t\t\t<\/div>\n\t\t<\/form>\n\t\t\t\t\t\t<\/div>\n\t\t\t\t<\/div>\n\t\t\t\t<\/div>\n\t\t<div class=\"elementor-element elementor-element-a2f72bf e-con-full e-flex e-con e-child\" data-id=\"a2f72bf\" data-element_type=\"container\" data-e-type=\"container\" data-settings=\"{&quot;jet_parallax_layout_list&quot;:[]}\">\n\t\t<div class=\"elementor-element elementor-element-7d45e31 e-con-full e-flex elementor-invisible e-con e-child\" data-id=\"7d45e31\" data-element_type=\"container\" data-e-type=\"container\" data-settings=\"{&quot;jet_parallax_layout_list&quot;:[],&quot;background_background&quot;:&quot;classic&quot;,&quot;animation&quot;:&quot;fadeInLeft&quot;}\">\n\t\t\t\t<div class=\"elementor-element elementor-element-7aec9d4 elementor-widget elementor-widget-image\" data-id=\"7aec9d4\" data-element_type=\"widget\" data-e-type=\"widget\" data-widget_type=\"image.default\">\n\t\t\t\t<div class=\"elementor-widget-container\">\n\t\t\t\t\t\t\t\t\t\t\t\t\t\t\t<img decoding=\"async\" width=\"128\" height=\"128\" src=\"https:\/\/bomberosvoluntariosdematanza.org\/matafuegos\/wp-content\/uploads\/2023\/05\/formulario-de-contacto.webp\" class=\"attachment-large size-large wp-image-3330\" alt=\"\" srcset=\"https:\/\/bomberosvoluntariosdematanza.org\/matafuegos\/wp-content\/uploads\/2023\/05\/formulario-de-contacto.webp 128w, https:\/\/bomberosvoluntariosdematanza.org\/matafuegos\/wp-content\/uploads\/2023\/05\/formulario-de-contacto-100x100.webp 100w, https:\/\/bomberosvoluntariosdematanza.org\/matafuegos\/wp-content\/uploads\/2023\/05\/formulario-de-contacto-64x64.webp 64w\" sizes=\"(max-width: 128px) 100vw, 128px\" \/>\t\t\t\t\t\t\t\t\t\t\t\t\t\t\t<\/div>\n\t\t\t\t<\/div>\n\t\t\t\t<div class=\"elementor-element elementor-element-ea685bd elementor-widget__width-inherit elementor-widget elementor-widget-heading\" data-id=\"ea685bd\" data-element_type=\"widget\" data-e-type=\"widget\" data-widget_type=\"heading.default\">\n\t\t\t\t<div class=\"elementor-widget-container\">\n\t\t\t\t\t<h2 class=\"elementor-heading-title elementor-size-default\">1 - Complet\u00e1 El Formulario De Contacto<\/h2>\t\t\t\t<\/div>\n\t\t\t\t<\/div>\n\t\t\t\t<div class=\"elementor-element elementor-element-77d563c elementor-widget elementor-widget-text-editor\" data-id=\"77d563c\" data-element_type=\"widget\" data-e-type=\"widget\" data-widget_type=\"text-editor.default\">\n\t\t\t\t<div class=\"elementor-widget-container\">\n\t\t\t\t\t\t\t\t\t<p>Rellen\u00e1 detalladamente cada dato solicitado para facilitar tu solicitud.<\/p>\n\t\t\t\t\t\t\t\t<\/div>\n\t\t\t\t<\/div>\n\t\t\t\t<\/div>\n\t\t<div class=\"elementor-element elementor-element-b241645 e-con-full e-flex elementor-invisible e-con e-child\" data-id=\"b241645\" data-element_type=\"container\" data-e-type=\"container\" data-settings=\"{&quot;jet_parallax_layout_list&quot;:[],&quot;background_background&quot;:&quot;classic&quot;,&quot;animation&quot;:&quot;fadeInLeft&quot;}\">\n\t\t\t\t<div class=\"elementor-element elementor-element-13df6ba elementor-widget elementor-widget-image\" data-id=\"13df6ba\" data-element_type=\"widget\" data-e-type=\"widget\" data-widget_type=\"image.default\">\n\t\t\t\t<div class=\"elementor-widget-container\">\n\t\t\t\t\t\t\t\t\t\t\t\t\t\t\t<img decoding=\"async\" width=\"128\" height=\"128\" src=\"https:\/\/bomberosvoluntariosdematanza.org\/matafuegos\/wp-content\/uploads\/2023\/05\/solicitud-de-cotizacion.webp\" class=\"attachment-large size-large wp-image-3332\" alt=\"\" srcset=\"https:\/\/bomberosvoluntariosdematanza.org\/matafuegos\/wp-content\/uploads\/2023\/05\/solicitud-de-cotizacion.webp 128w, https:\/\/bomberosvoluntariosdematanza.org\/matafuegos\/wp-content\/uploads\/2023\/05\/solicitud-de-cotizacion-100x100.webp 100w, https:\/\/bomberosvoluntariosdematanza.org\/matafuegos\/wp-content\/uploads\/2023\/05\/solicitud-de-cotizacion-64x64.webp 64w\" sizes=\"(max-width: 128px) 100vw, 128px\" \/>\t\t\t\t\t\t\t\t\t\t\t\t\t\t\t<\/div>\n\t\t\t\t<\/div>\n\t\t\t\t<div class=\"elementor-element elementor-element-b8bfa03 elementor-widget__width-inherit elementor-widget elementor-widget-heading\" data-id=\"b8bfa03\" data-element_type=\"widget\" data-e-type=\"widget\" data-widget_type=\"heading.default\">\n\t\t\t\t<div class=\"elementor-widget-container\">\n\t\t\t\t\t<h2 class=\"elementor-heading-title elementor-size-default\">3 - Elaboraci\u00f3n De La Cotizaci\u00f3n<\/h2>\t\t\t\t<\/div>\n\t\t\t\t<\/div>\n\t\t\t\t<div class=\"elementor-element elementor-element-56721bf elementor-widget elementor-widget-text-editor\" data-id=\"56721bf\" data-element_type=\"widget\" data-e-type=\"widget\" data-widget_type=\"text-editor.default\">\n\t\t\t\t<div class=\"elementor-widget-container\">\n\t\t\t\t\t\t\t\t\t<p>Nuestro equipo preparar\u00e1 una cotizaci\u00f3n detallada y personalizada para vos e incluir\u00e1 los costos asociados y se te enviara v\u00eda email.<\/p>\n\t\t\t\t\t\t\t\t<\/div>\n\t\t\t\t<\/div>\n\t\t\t\t<\/div>\n\t\t\t\t<\/div>\n\t\t<div class=\"elementor-element elementor-element-17569bf e-con-full e-flex e-con e-child\" data-id=\"17569bf\" data-element_type=\"container\" data-e-type=\"container\" data-settings=\"{&quot;jet_parallax_layout_list&quot;:[]}\">\n\t\t<div class=\"elementor-element elementor-element-3ac806f e-con-full e-flex elementor-invisible e-con e-child\" data-id=\"3ac806f\" data-element_type=\"container\" data-e-type=\"container\" data-settings=\"{&quot;jet_parallax_layout_list&quot;:[],&quot;background_background&quot;:&quot;classic&quot;,&quot;animation&quot;:&quot;fadeInLeft&quot;}\">\n\t\t\t\t<div class=\"elementor-element elementor-element-93ddcb7 elementor-widget elementor-widget-image\" data-id=\"93ddcb7\" data-element_type=\"widget\" data-e-type=\"widget\" data-widget_type=\"image.default\">\n\t\t\t\t<div class=\"elementor-widget-container\">\n\t\t\t\t\t\t\t\t\t\t\t\t\t\t\t<img decoding=\"async\" width=\"128\" height=\"128\" src=\"https:\/\/bomberosvoluntariosdematanza.org\/matafuegos\/wp-content\/uploads\/2023\/05\/doctor.webp\" class=\"attachment-large size-large wp-image-3317\" alt=\"\" srcset=\"https:\/\/bomberosvoluntariosdematanza.org\/matafuegos\/wp-content\/uploads\/2023\/05\/doctor.webp 128w, https:\/\/bomberosvoluntariosdematanza.org\/matafuegos\/wp-content\/uploads\/2023\/05\/doctor-100x100.webp 100w, https:\/\/bomberosvoluntariosdematanza.org\/matafuegos\/wp-content\/uploads\/2023\/05\/doctor-64x64.webp 64w\" sizes=\"(max-width: 128px) 100vw, 128px\" \/>\t\t\t\t\t\t\t\t\t\t\t\t\t\t\t<\/div>\n\t\t\t\t<\/div>\n\t\t\t\t<div class=\"elementor-element elementor-element-48828fc elementor-widget__width-inherit elementor-widget elementor-widget-heading\" data-id=\"48828fc\" data-element_type=\"widget\" data-e-type=\"widget\" data-widget_type=\"heading.default\">\n\t\t\t\t<div class=\"elementor-widget-container\">\n\t\t\t\t\t<h2 class=\"elementor-heading-title elementor-size-default\">2 - Program\u00e1 Una Visita T\u00e9cnica<\/h2>\t\t\t\t<\/div>\n\t\t\t\t<\/div>\n\t\t\t\t<div class=\"elementor-element elementor-element-ca182e2 elementor-widget elementor-widget-text-editor\" data-id=\"ca182e2\" data-element_type=\"widget\" data-e-type=\"widget\" data-widget_type=\"text-editor.default\">\n\t\t\t\t<div class=\"elementor-widget-container\">\n\t\t\t\t\t\t\t\t\t<p>Una vez que hayamos recibido tu solicitud de cotizaci\u00f3n, nuestro equipo se pondr\u00e1 en contacto con vos para programar una visita t\u00e9cnica.<\/p>\n\t\t\t\t\t\t\t\t<\/div>\n\t\t\t\t<\/div>\n\t\t\t\t<\/div>\n\t\t<div class=\"elementor-element elementor-element-0639930 e-con-full e-flex elementor-invisible e-con e-child\" data-id=\"0639930\" data-element_type=\"container\" data-e-type=\"container\" data-settings=\"{&quot;jet_parallax_layout_list&quot;:[],&quot;background_background&quot;:&quot;classic&quot;,&quot;animation&quot;:&quot;fadeInLeft&quot;}\">\n\t\t\t\t<div class=\"elementor-element elementor-element-6f43134 elementor-widget elementor-widget-image\" data-id=\"6f43134\" data-element_type=\"widget\" data-e-type=\"widget\" data-widget_type=\"image.default\">\n\t\t\t\t<div class=\"elementor-widget-container\">\n\t\t\t\t\t\t\t\t\t\t\t\t\t\t\t<img loading=\"lazy\" decoding=\"async\" width=\"128\" height=\"128\" src=\"https:\/\/bomberosvoluntariosdematanza.org\/matafuegos\/wp-content\/uploads\/2023\/05\/pros-y-contras.webp\" class=\"attachment-large size-large wp-image-3333\" alt=\"\" srcset=\"https:\/\/bomberosvoluntariosdematanza.org\/matafuegos\/wp-content\/uploads\/2023\/05\/pros-y-contras.webp 128w, https:\/\/bomberosvoluntariosdematanza.org\/matafuegos\/wp-content\/uploads\/2023\/05\/pros-y-contras-100x100.webp 100w, https:\/\/bomberosvoluntariosdematanza.org\/matafuegos\/wp-content\/uploads\/2023\/05\/pros-y-contras-64x64.webp 64w\" sizes=\"(max-width: 128px) 100vw, 128px\" \/>\t\t\t\t\t\t\t\t\t\t\t\t\t\t\t<\/div>\n\t\t\t\t<\/div>\n\t\t\t\t<div class=\"elementor-element elementor-element-fd15d72 elementor-widget__width-inherit elementor-widget elementor-widget-heading\" data-id=\"fd15d72\" data-element_type=\"widget\" data-e-type=\"widget\" data-widget_type=\"heading.default\">\n\t\t\t\t<div class=\"elementor-widget-container\">\n\t\t\t\t\t<h2 class=\"elementor-heading-title elementor-size-default\">4 - Revisi\u00f3n Y Aclaraci\u00f3n De Dudas<\/h2>\t\t\t\t<\/div>\n\t\t\t\t<\/div>\n\t\t\t\t<div class=\"elementor-element elementor-element-c01802a elementor-widget elementor-widget-text-editor\" data-id=\"c01802a\" data-element_type=\"widget\" data-e-type=\"widget\" data-widget_type=\"text-editor.default\">\n\t\t\t\t<div class=\"elementor-widget-container\">\n\t\t\t\t\t\t\t\t\t<p>Estaremos disponibles para responder cualquier pregunta o aclaraci\u00f3n que puedas tener una vez recibida la cotizaci\u00f3n.<\/p>\n\t\t\t\t\t\t\t\t<\/div>\n\t\t\t\t<\/div>\n\t\t\t\t<\/div>\n\t\t\t\t<\/div>\n\t\t\t\t<\/div>\n\t\t\t\t<\/div>\n\t\t\t\t<\/div>\n\t\t","protected":false},"excerpt":{"rendered":"","protected":false},"author":2,"featured_media":0,"parent":0,"menu_order":0,"comment_status":"closed","ping_status":"closed","template":"","meta":{"_joinchat":[],"footnotes":""},"class_list":["post-3428","page","type-page","status-publish","hentry"],"_links":{"self":[{"href":"https:\/\/bomberosvoluntariosdematanza.org\/matafuegos\/wp-json\/wp\/v2\/pages\/3428","targetHints":{"allow":["GET"]}}],"collection":[{"href":"https:\/\/bomberosvoluntariosdematanza.org\/matafuegos\/wp-json\/wp\/v2\/pages"}],"about":[{"href":"https:\/\/bomberosvoluntariosdematanza.org\/matafuegos\/wp-json\/wp\/v2\/types\/page"}],"author":[{"embeddable":true,"href":"https:\/\/bomberosvoluntariosdematanza.org\/matafuegos\/wp-json\/wp\/v2\/users\/2"}],"replies":[{"embeddable":true,"href":"https:\/\/bomberosvoluntariosdematanza.org\/matafuegos\/wp-json\/wp\/v2\/comments?post=3428"}],"version-history":[{"count":0,"href":"https:\/\/bomberosvoluntariosdematanza.org\/matafuegos\/wp-json\/wp\/v2\/pages\/3428\/revisions"}],"wp:attachment":[{"href":"https:\/\/bomberosvoluntariosdematanza.org\/matafuegos\/wp-json\/wp\/v2\/media?parent=3428"}],"curies":[{"name":"wp","href":"https:\/\/api.w.org\/{rel}","templated":true}]}}