{"id":3,"date":"2023-03-22T00:01:04","date_gmt":"2023-03-22T00:01:04","guid":{"rendered":"https:\/\/bomberosvoluntariosdematanza.org\/matafuegos\/?page_id=3"},"modified":"2023-03-31T01:10:03","modified_gmt":"2023-03-31T01:10:03","slug":"politica-privacidad","status":"publish","type":"page","link":"https:\/\/bomberosvoluntariosdematanza.org\/matafuegos\/politica-privacidad\/","title":{"rendered":"Pol\u00edtica de Privacidad"},"content":{"rendered":"\t\t<div data-elementor-type=\"wp-page\" data-elementor-id=\"3\" class=\"elementor elementor-3\" data-elementor-post-type=\"page\">\n\t\t\t\t<div class=\"elementor-element elementor-element-8cc1383 e-con-full e-flex e-con e-parent\" data-id=\"8cc1383\" data-element_type=\"container\" data-e-type=\"container\" data-settings=\"{&quot;jet_parallax_layout_list&quot;:[]}\">\n\t\t\t\t<div class=\"elementor-element elementor-element-e82e97c elementor-widget elementor-widget-heading\" data-id=\"e82e97c\" data-element_type=\"widget\" data-e-type=\"widget\" data-widget_type=\"heading.default\">\n\t\t\t\t<div class=\"elementor-widget-container\">\n\t\t\t\t\t<h3 class=\"elementor-heading-title elementor-size-default\">Pol\u00edtica de Privacidad<\/h3>\t\t\t\t<\/div>\n\t\t\t\t<\/div>\n\t\t\t\t<\/div>\n\t\t<div class=\"elementor-element elementor-element-9327d05 e-flex e-con-boxed e-con e-parent\" data-id=\"9327d05\" data-element_type=\"container\" data-e-type=\"container\" data-settings=\"{&quot;jet_parallax_layout_list&quot;:[],&quot;shape_divider_top&quot;:&quot;mountains&quot;}\">\n\t\t\t\t\t<div class=\"e-con-inner\">\n\t\t\t\t<div class=\"elementor-shape elementor-shape-top\" aria-hidden=\"true\" data-negative=\"false\">\n\t\t\t<svg xmlns=\"http:\/\/www.w3.org\/2000\/svg\" viewBox=\"0 0 1000 100\" preserveAspectRatio=\"none\">\n\t<path class=\"elementor-shape-fill\" opacity=\"0.33\" d=\"M473,67.3c-203.9,88.3-263.1-34-320.3,0C66,119.1,0,59.7,0,59.7V0h1000v59.7 c0,0-62.1,26.1-94.9,29.3c-32.8,3.3-62.8-12.3-75.8-22.1C806,49.6,745.3,8.7,694.9,4.7S492.4,59,473,67.3z\"\/>\n\t<path class=\"elementor-shape-fill\" opacity=\"0.66\" d=\"M734,67.3c-45.5,0-77.2-23.2-129.1-39.1c-28.6-8.7-150.3-10.1-254,39.1 s-91.7-34.4-149.2,0C115.7,118.3,0,39.8,0,39.8V0h1000v36.5c0,0-28.2-18.5-92.1-18.5C810.2,18.1,775.7,67.3,734,67.3z\"\/>\n\t<path class=\"elementor-shape-fill\" d=\"M766.1,28.9c-200-57.5-266,65.5-395.1,19.5C242,1.8,242,5.4,184.8,20.6C128,35.8,132.3,44.9,89.9,52.5C28.6,63.7,0,0,0,0 h1000c0,0-9.9,40.9-83.6,48.1S829.6,47,766.1,28.9z\"\/>\n<\/svg>\t\t<\/div>\n\t\t<div class=\"elementor-element elementor-element-7b5b8b3 e-flex e-con-boxed e-con e-child\" data-id=\"7b5b8b3\" data-element_type=\"container\" data-e-type=\"container\" data-settings=\"{&quot;jet_parallax_layout_list&quot;:[]}\">\n\t\t\t\t\t<div class=\"e-con-inner\">\n\t\t\t\t<div class=\"elementor-element elementor-element-c64e945 elementor-widget elementor-widget-text-editor\" data-id=\"c64e945\" data-element_type=\"widget\" data-e-type=\"widget\" data-widget_type=\"text-editor.default\">\n\t\t\t\t<div class=\"elementor-widget-container\">\n\t\t\t\t\t\t\t\t\t<h3><strong>AVISO DE PRIVACIDAD<\/strong><\/h3>\n<p>En el siguiente documento se establecen las pol\u00edticas de privacidad y protecci\u00f3n de datos personales de Bomberos Voluntarios de Matanza. Esta pol\u00edtica es aplicable a todos los usuarios de nuestro sitio web y servicios en l\u00ednea. Al acceder y utilizar nuestros servicios, usted acepta las condiciones de esta pol\u00edtica.<\/p>\n<p>&nbsp;<\/p>\n<p><strong>Informaci\u00f3n sobre la entidad responsable<br \/>\n<\/strong><br \/>\nBomberos Voluntarios de Matanza<br \/>\nSuipacha 110 | Ramos Mejia (1704) |<br \/>\nPcia. de Buenos Aires | Rep\u00fablica Argentina |<br \/>\nTel\u00e9fono: +54 9 11 658-1170\/6824<br \/>\nE-mail: info@bomberosvoluntariosdematanza.org<\/p>\n<p>&nbsp;<\/p>\n<h4><strong>Informaci\u00f3n sobre los datos personales que se recopilan<\/strong><\/h4>\n<p>En Bomberos Voluntarios de Matanza recopilamos y almacenamos los datos personales de nuestros usuarios \u00fanicamente con el fin de prestar nuestros servicios y mejorar la experiencia de usuario en nuestro sitio web. Entre los datos personales que recopilamos se encuentran: nombre completo, direcci\u00f3n, correo electr\u00f3nico y n\u00famero de tel\u00e9fono.<\/p>\n<p>&nbsp;<\/p>\n<h4><strong>Finalidad de la recopilaci\u00f3n de datos personales<\/strong><\/h4>\n<p>Los datos personales que recopilamos se utilizan \u00fanicamente con el fin de prestar nuestros servicios y mejorar la experiencia de usuario en nuestro sitio web. Nunca compartiremos su informaci\u00f3n con terceros sin su consentimiento expl\u00edcito.<\/p>\n<p>&nbsp;<\/p>\n<h4><strong>Medidas de seguridad<\/strong><\/h4>\n<p>Bomberos Voluntarios de Matanza se compromete a proteger los datos personales de nuestros usuarios y a mantenerlos seguros y confidenciales. Tomamos medidas de seguridad para proteger su informaci\u00f3n contra la p\u00e9rdida, el uso indebido y el acceso no autorizado.<\/p>\n<p>&nbsp;<\/p>\n<h4><strong>Derechos de los usuarios<\/strong><\/h4>\n<p>Los usuarios de Bomberos Voluntarios de Matanza tienen derecho a solicitar acceso a sus datos personales, corregir informaci\u00f3n incorrecta o incompleta, y solicitar la eliminaci\u00f3n de sus datos personales de nuestros sistemas. Si desea ejercer cualquiera de estos derechos, p\u00f3ngase en contacto con nosotros a trav\u00e9s de la direcci\u00f3n de correo electr\u00f3nico info@bomberosvoluntariosdematanza.org.<\/p>\n<p>&nbsp;<\/p>\n<h4><strong>Modificaciones a la pol\u00edtica de privacidad<\/strong><\/h4>\n<p>Bomberos Voluntarios de Matanza se reserva el derecho de modificar esta pol\u00edtica de privacidad en cualquier momento y sin previo aviso. Cualquier modificaci\u00f3n ser\u00e1 publicada en nuestro sitio web.<\/p>\n<p>&nbsp;<\/p>\n<h4><strong>Fecha de actualizaci\u00f3n<\/strong><\/h4>\n<p>Esta pol\u00edtica de privacidad fue actualizada el 24\/02\/2023.<\/p>\n\t\t\t\t\t\t\t\t<\/div>\n\t\t\t\t<\/div>\n\t\t\t\t\t<\/div>\n\t\t\t\t<\/div>\n\t\t\t\t\t<\/div>\n\t\t\t\t<\/div>\n\t\t<div class=\"elementor-element elementor-element-2753d31 e-con-full e-flex e-con e-parent\" data-id=\"2753d31\" data-element_type=\"container\" data-e-type=\"container\" data-settings=\"{&quot;background_background&quot;:&quot;classic&quot;,&quot;jet_parallax_layout_list&quot;:[]}\">\n\t\t\t\t<div class=\"elementor-element elementor-element-933d9a4 elementor-widget elementor-widget-heading\" data-id=\"933d9a4\" data-element_type=\"widget\" data-e-type=\"widget\" data-widget_type=\"heading.default\">\n\t\t\t\t<div class=\"elementor-widget-container\">\n\t\t\t\t\t<h2 class=\"elementor-heading-title elementor-size-default\">...<\/h2>\t\t\t\t<\/div>\n\t\t\t\t<\/div>\n\t\t\t\t<\/div>\n\t\t<div class=\"elementor-element elementor-element-65138aa e-con-full e-flex e-con e-parent\" data-id=\"65138aa\" data-element_type=\"container\" data-e-type=\"container\" data-settings=\"{&quot;jet_parallax_layout_list&quot;:[],&quot;background_background&quot;:&quot;classic&quot;}\">\n\t\t<div class=\"elementor-element elementor-element-228d7e3 e-con-full e-flex e-con e-child\" data-id=\"228d7e3\" data-element_type=\"container\" data-e-type=\"container\" data-settings=\"{&quot;jet_parallax_layout_list&quot;:[]}\">\n\t\t\t\t<div class=\"elementor-element elementor-element-c96b891 elementor-widget elementor-widget-shortcode\" data-id=\"c96b891\" data-element_type=\"widget\" data-e-type=\"widget\" data-widget_type=\"shortcode.default\">\n\t\t\t\t<div class=\"elementor-widget-container\">\n\t\t\t\t\t\t\t<div class=\"elementor-shortcode\">\t\t<div data-elementor-type=\"container\" data-elementor-id=\"934\" class=\"elementor elementor-934\" data-elementor-post-type=\"elementor_library\">\n\t\t\t\t<div class=\"elementor-element elementor-element-b63afe7 e-flex e-con-boxed e-con e-parent\" data-id=\"b63afe7\" data-element_type=\"container\" data-e-type=\"container\" data-settings=\"{&quot;jet_parallax_layout_list&quot;:[],&quot;background_background&quot;:&quot;classic&quot;}\">\n\t\t\t\t\t<div class=\"e-con-inner\">\n\t\t<div class=\"elementor-element elementor-element-376d71f e-con-full e-flex e-con e-child\" data-id=\"376d71f\" data-element_type=\"container\" data-e-type=\"container\" data-settings=\"{&quot;jet_parallax_layout_list&quot;:[]}\">\n\t\t\t\t<div class=\"elementor-element elementor-element-bfe98d0 elementor-widget elementor-widget-jet-listing-dynamic-field\" data-id=\"bfe98d0\" data-element_type=\"widget\" data-e-type=\"widget\" data-widget_type=\"jet-listing-dynamic-field.default\">\n\t\t\t\t<div class=\"elementor-widget-container\">\n\t\t\t\t\t<div class=\"jet-listing jet-listing-dynamic-field display-inline\"><div class=\"jet-listing-dynamic-field__inline-wrap\"><div class=\"jet-listing-dynamic-field__content\" >Asociaci\u00f3n Civil Bomberos Voluntarios de Matanza<\/div><\/div><\/div>\t\t\t\t<\/div>\n\t\t\t\t<\/div>\n\t\t\t\t<div class=\"elementor-element elementor-element-88c476f elementor-widget elementor-widget-jet-listing-dynamic-field\" data-id=\"88c476f\" data-element_type=\"widget\" data-e-type=\"widget\" data-widget_type=\"jet-listing-dynamic-field.default\">\n\t\t\t\t<div class=\"elementor-widget-container\">\n\t\t\t\t\t<div class=\"jet-listing jet-listing-dynamic-field display-inline\"><div class=\"jet-listing-dynamic-field__inline-wrap\"><div class=\"jet-listing-dynamic-field__content\" >Suipacha 110 | Ramos Mejia (1704) | <b>Pcia. de Buenos Aires | Rep\u00fablica Argentina |<\/b><\/div><\/div><\/div>\t\t\t\t<\/div>\n\t\t\t\t<\/div>\n\t\t\t\t<div class=\"elementor-element elementor-element-35864a4 elementor-widget elementor-widget-jet-listing-dynamic-field\" data-id=\"35864a4\" data-element_type=\"widget\" data-e-type=\"widget\" data-widget_type=\"jet-listing-dynamic-field.default\">\n\t\t\t\t<div class=\"elementor-widget-container\">\n\t\t\t\t\t<div class=\"jet-listing jet-listing-dynamic-field display-inline\"><div class=\"jet-listing-dynamic-field__inline-wrap\"><div class=\"jet-listing-dynamic-field__content\" >Tel\u00e9fono: +54 9 11 658-1170\/6824<\/div><\/div><\/div>\t\t\t\t<\/div>\n\t\t\t\t<\/div>\n\t\t\t\t<div class=\"elementor-element elementor-element-29389e1 elementor-widget elementor-widget-jet-listing-dynamic-field\" data-id=\"29389e1\" data-element_type=\"widget\" data-e-type=\"widget\" data-widget_type=\"jet-listing-dynamic-field.default\">\n\t\t\t\t<div class=\"elementor-widget-container\">\n\t\t\t\t\t<div class=\"jet-listing jet-listing-dynamic-field display-inline\"><div class=\"jet-listing-dynamic-field__inline-wrap\"><div class=\"jet-listing-dynamic-field__content\" >Email: matafuegos@bomberosvoluntariosdematanza.org<\/div><\/div><\/div>\t\t\t\t<\/div>\n\t\t\t\t<\/div>\n\t\t\t\t<\/div>\n\t\t\t\t\t<\/div>\n\t\t\t\t<\/div>\n\t\t\t\t<\/div>\n\t\t<\/div>\n\t\t\t\t\t\t<\/div>\n\t\t\t\t<\/div>\n\t\t\t\t<\/div>\n\t\t\t\t<\/div>\n\t\t<div class=\"elementor-element elementor-element-f722743 e-con-full e-flex e-con e-parent\" data-id=\"f722743\" data-element_type=\"container\" data-e-type=\"container\" data-settings=\"{&quot;jet_parallax_layout_list&quot;:[]}\">\n\t\t<div class=\"elementor-element elementor-element-c697f78 e-con-full e-flex e-con e-child\" data-id=\"c697f78\" data-element_type=\"container\" data-e-type=\"container\" data-settings=\"{&quot;jet_parallax_layout_list&quot;:[]}\">\n\t\t\t\t<div class=\"elementor-element elementor-element-4c714c2 elementor-widget elementor-widget-shortcode\" data-id=\"4c714c2\" data-element_type=\"widget\" data-e-type=\"widget\" data-widget_type=\"shortcode.default\">\n\t\t\t\t<div class=\"elementor-widget-container\">\n\t\t\t\t\t\t\t<div class=\"elementor-shortcode\">\t\t<div data-elementor-type=\"container\" data-elementor-id=\"941\" class=\"elementor elementor-941\" data-elementor-post-type=\"elementor_library\">\n\t\t\t\t<div class=\"elementor-element elementor-element-e0a9697 e-con-full e-flex e-con e-parent\" data-id=\"e0a9697\" data-element_type=\"container\" data-e-type=\"container\" data-settings=\"{&quot;background_background&quot;:&quot;classic&quot;,&quot;shape_divider_top&quot;:&quot;pyramids&quot;,&quot;jet_parallax_layout_list&quot;:[]}\">\n\t\t\t\t<div class=\"elementor-shape elementor-shape-top\" aria-hidden=\"true\" data-negative=\"false\">\n\t\t\t<svg xmlns=\"http:\/\/www.w3.org\/2000\/svg\" viewBox=\"0 0 1000 100\" preserveAspectRatio=\"none\">\n\t<path class=\"elementor-shape-fill\" d=\"M761.9,44.1L643.1,27.2L333.8,98L0,3.8V0l1000,0v3.9\"\/>\n<\/svg>\t\t<\/div>\n\t\t<div class=\"elementor-element elementor-element-ea384af e-con-full e-flex e-con e-child\" data-id=\"ea384af\" data-element_type=\"container\" data-e-type=\"container\" data-settings=\"{&quot;jet_parallax_layout_list&quot;:[]}\">\n\t\t\t\t<div class=\"elementor-element elementor-element-4745419 elementor-widget elementor-widget-heading\" data-id=\"4745419\" data-element_type=\"widget\" data-e-type=\"widget\" data-widget_type=\"heading.default\">\n\t\t\t\t<div class=\"elementor-widget-container\">\n\t\t\t\t\t<h2 class=\"elementor-heading-title elementor-size-default\">\u00a1SUSCR\u00cdBASE A <\/BR>NUESTRO NEWSLETTER!<\/h2>\t\t\t\t<\/div>\n\t\t\t\t<\/div>\n\t\t\t\t<div class=\"elementor-element elementor-element-dd17b27 elementor-widget elementor-widget-text-editor\" data-id=\"dd17b27\" data-element_type=\"widget\" data-e-type=\"widget\" data-widget_type=\"text-editor.default\">\n\t\t\t\t<div class=\"elementor-widget-container\">\n\t\t\t\t\t\t\t\t\t<p>Reciba en su mail, nuestras comunicaciones<\/p>\t\t\t\t\t\t\t\t<\/div>\n\t\t\t\t<\/div>\n\t\t\t\t<\/div>\n\t\t<div class=\"elementor-element elementor-element-84fc70d e-con-full e-flex e-con e-child\" data-id=\"84fc70d\" data-element_type=\"container\" data-e-type=\"container\" data-settings=\"{&quot;jet_parallax_layout_list&quot;:[]}\">\n\t\t\t\t<div class=\"elementor-element elementor-element-65b7e64 elementor-widget__width-initial elementor-widget-tablet__width-initial elementor-widget-mobile__width-inherit elementor-button-align-stretch elementor-widget elementor-widget-form\" data-id=\"65b7e64\" data-element_type=\"widget\" data-e-type=\"widget\" data-settings=\"{&quot;step_next_label&quot;:&quot;Siguiente&quot;,&quot;step_previous_label&quot;:&quot;Anterior&quot;,&quot;button_width&quot;:&quot;100&quot;,&quot;step_type&quot;:&quot;number_text&quot;,&quot;step_icon_shape&quot;:&quot;circle&quot;}\" data-widget_type=\"form.default\">\n\t\t\t\t<div class=\"elementor-widget-container\">\n\t\t\t\t\t\t\t<form class=\"elementor-form\" method=\"post\" name=\"Newsletter\" aria-label=\"Newsletter\">\n\t\t\t<input type=\"hidden\" name=\"post_id\" value=\"941\"\/>\n\t\t\t<input type=\"hidden\" name=\"form_id\" value=\"65b7e64\"\/>\n\t\t\t<input type=\"hidden\" name=\"referer_title\" value=\"\" \/>\n\n\t\t\t\n\t\t\t<div class=\"elementor-form-fields-wrapper elementor-labels-above\">\n\t\t\t\t\t\t\t\t<div class=\"elementor-field-type-email elementor-field-group elementor-column elementor-field-group-email elementor-col-100 elementor-field-required\">\n\t\t\t\t\t\t\t\t\t\t\t\t\t<input size=\"1\" type=\"email\" name=\"form_fields[email]\" id=\"form-field-email\" class=\"elementor-field elementor-size-sm  elementor-field-textual\" placeholder=\"Correo electr\u00f3nico\" required=\"required\">\n\t\t\t\t\t\t\t\t\t\t\t<\/div>\n\t\t\t\t\t\t\t\t<div class=\"elementor-field-type-text\">\n\t\t\t\t\t<input size=\"1\" type=\"text\" name=\"form_fields[field_bdd5338]\" id=\"form-field-field_bdd5338\" class=\"elementor-field elementor-size-sm \" style=\"display:none !important;\">\t\t\t\t<\/div>\n\t\t\t\t\t\t\t\t<div class=\"elementor-field-type-recaptcha_v3 elementor-field-group elementor-column elementor-field-group-field_f86d724 elementor-col-100 recaptcha_v3-bottomright\">\n\t\t\t\t\t<div class=\"elementor-field\" id=\"form-field-field_f86d724\"><div class=\"elementor-g-recaptcha\" data-sitekey=\"6LfcpbUZAAAAAC5qZF0dLOvdhsdLrcWRfEbbUAfl\" data-type=\"v3\" data-action=\"Form\" data-badge=\"bottomright\" data-size=\"invisible\"><\/div><\/div>\t\t\t\t<\/div>\n\t\t\t\t\t\t\t\t<div class=\"elementor-field-type-text\">\n\t\t\t\t\t<input size=\"1\" type=\"text\" name=\"form_fields[field_0123eb9]\" id=\"form-field-field_0123eb9\" class=\"elementor-field elementor-size-sm \" style=\"display:none !important;\">\t\t\t\t<\/div>\n\t\t\t\t\t\t\t\t<div class=\"elementor-field-type-recaptcha_v3 elementor-field-group elementor-column elementor-field-group-field_3d25885 elementor-col-100 recaptcha_v3-bottomright\">\n\t\t\t\t\t<div class=\"elementor-field\" id=\"form-field-field_3d25885\"><div class=\"elementor-g-recaptcha\" data-sitekey=\"6LfcpbUZAAAAAC5qZF0dLOvdhsdLrcWRfEbbUAfl\" data-type=\"v3\" data-action=\"Form\" data-badge=\"bottomright\" data-size=\"invisible\"><\/div><\/div>\t\t\t\t<\/div>\n\t\t\t\t\t\t\t\t<div class=\"elementor-field-group elementor-column elementor-field-type-submit elementor-col-100 e-form__buttons\">\n\t\t\t\t\t<button class=\"elementor-button elementor-size-sm\" type=\"submit\">\n\t\t\t\t\t\t<span class=\"elementor-button-content-wrapper\">\n\t\t\t\t\t\t\t\t\t\t\t\t\t\t\t\t\t\t\t\t\t\t<span class=\"elementor-button-text\">Suscr\u00edbite<\/span>\n\t\t\t\t\t\t\t\t\t\t\t\t\t<\/span>\n\t\t\t\t\t<\/button>\n\t\t\t\t<\/div>\n\t\t\t<\/div>\n\t\t<\/form>\n\t\t\t\t\t\t<\/div>\n\t\t\t\t<\/div>\n\t\t\t\t<\/div>\n\t\t\t\t<\/div>\n\t\t\t\t<\/div>\n\t\t<\/div>\n\t\t\t\t\t\t<\/div>\n\t\t\t\t<\/div>\n\t\t\t\t<\/div>\n\t\t\t\t<\/div>\n\t\t\t\t<\/div>\n\t\t","protected":false},"excerpt":{"rendered":"<p>&#8230;<\/p>\n","protected":false},"author":1,"featured_media":0,"parent":0,"menu_order":0,"comment_status":"closed","ping_status":"open","template":"","meta":{"_joinchat":[],"footnotes":""},"class_list":["post-3","page","type-page","status-publish","hentry"],"_links":{"self":[{"href":"https:\/\/bomberosvoluntariosdematanza.org\/matafuegos\/wp-json\/wp\/v2\/pages\/3","targetHints":{"allow":["GET"]}}],"collection":[{"href":"https:\/\/bomberosvoluntariosdematanza.org\/matafuegos\/wp-json\/wp\/v2\/pages"}],"about":[{"href":"https:\/\/bomberosvoluntariosdematanza.org\/matafuegos\/wp-json\/wp\/v2\/types\/page"}],"author":[{"embeddable":true,"href":"https:\/\/bomberosvoluntariosdematanza.org\/matafuegos\/wp-json\/wp\/v2\/users\/1"}],"replies":[{"embeddable":true,"href":"https:\/\/bomberosvoluntariosdematanza.org\/matafuegos\/wp-json\/wp\/v2\/comments?post=3"}],"version-history":[{"count":0,"href":"https:\/\/bomberosvoluntariosdematanza.org\/matafuegos\/wp-json\/wp\/v2\/pages\/3\/revisions"}],"wp:attachment":[{"href":"https:\/\/bomberosvoluntariosdematanza.org\/matafuegos\/wp-json\/wp\/v2\/media?parent=3"}],"curies":[{"name":"wp","href":"https:\/\/api.w.org\/{rel}","templated":true}]}}