{"id":3937,"date":"2023-10-06T12:57:56","date_gmt":"2023-10-06T12:57:56","guid":{"rendered":"https:\/\/bomberosvoluntariosdematanza.org\/club-bomberitos\/?post_type=product&#038;p=3937"},"modified":"2026-03-13T23:20:57","modified_gmt":"2026-03-13T23:20:57","slug":"socio-deportivo-mayor-desde-los-18-anos","status":"publish","type":"product","link":"https:\/\/bomberosvoluntariosdematanza.org\/club-bomberitos\/producto\/socio-deportivo-mayor-desde-los-18-anos\/","title":{"rendered":"MAYOR"},"content":{"rendered":"<p>A partir de los 18 a\u00f1os<\/p>\n<p>Al completar tu inscripci\u00f3n a trav\u00e9s de nuestra web, estar\u00e1s abonando el primer mes de tu cuota societaria. Una vez realizado el pago, recibir\u00e1s un correo electr\u00f3nico de confirmaci\u00f3n con los detalles de tu adhesi\u00f3n. Para finalizar el proceso, deber\u00e1s ponerte en contacto con la administraci\u00f3n del club, donde te brindaremos asistencia seg\u00fan la opci\u00f3n y el m\u00e9todo de pago seleccionado.<\/p>\n<p>Si elegiste la opci\u00f3n de pago mensual, record\u00e1 que deber\u00e1s gestionar los pagos correspondientes cada mes para mantener tu membres\u00eda activa.<\/p>\n<p>&nbsp;<\/p>\n","protected":false},"excerpt":{"rendered":"<p>A partir de los 18 a\u00f1os<\/p>\n","protected":false},"featured_media":3595,"template":"","meta":{"_joinchat":[]},"product_brand":[],"product_cat":[35],"product_tag":[36],"class_list":{"0":"post-3937","1":"product","2":"type-product","3":"status-publish","4":"has-post-thumbnail","6":"product_cat-suscripcion","7":"product_tag-suscripcion","9":"first","10":"instock","11":"purchasable","12":"product-type-variable"},"_links":{"self":[{"href":"https:\/\/bomberosvoluntariosdematanza.org\/club-bomberitos\/wp-json\/wp\/v2\/product\/3937","targetHints":{"allow":["GET"]}}],"collection":[{"href":"https:\/\/bomberosvoluntariosdematanza.org\/club-bomberitos\/wp-json\/wp\/v2\/product"}],"about":[{"href":"https:\/\/bomberosvoluntariosdematanza.org\/club-bomberitos\/wp-json\/wp\/v2\/types\/product"}],"version-history":[{"count":2,"href":"https:\/\/bomberosvoluntariosdematanza.org\/club-bomberitos\/wp-json\/wp\/v2\/product\/3937\/revisions"}],"predecessor-version":[{"id":4989,"href":"https:\/\/bomberosvoluntariosdematanza.org\/club-bomberitos\/wp-json\/wp\/v2\/product\/3937\/revisions\/4989"}],"wp:featuredmedia":[{"embeddable":true,"href":"https:\/\/bomberosvoluntariosdematanza.org\/club-bomberitos\/wp-json\/wp\/v2\/media\/3595"}],"wp:attachment":[{"href":"https:\/\/bomberosvoluntariosdematanza.org\/club-bomberitos\/wp-json\/wp\/v2\/media?parent=3937"}],"wp:term":[{"taxonomy":"product_brand","embeddable":true,"href":"https:\/\/bomberosvoluntariosdematanza.org\/club-bomberitos\/wp-json\/wp\/v2\/product_brand?post=3937"},{"taxonomy":"product_cat","embeddable":true,"href":"https:\/\/bomberosvoluntariosdematanza.org\/club-bomberitos\/wp-json\/wp\/v2\/product_cat?post=3937"},{"taxonomy":"product_tag","embeddable":true,"href":"https:\/\/bomberosvoluntariosdematanza.org\/club-bomberitos\/wp-json\/wp\/v2\/product_tag?post=3937"}],"curies":[{"name":"wp","href":"https:\/\/api.w.org\/{rel}","templated":true}]}}